{"id":49,"date":"2024-12-02T15:31:14","date_gmt":"2024-12-02T15:31:14","guid":{"rendered":"https:\/\/benditared.com\/?page_id=49"},"modified":"2025-07-29T17:24:50","modified_gmt":"2025-07-29T17:24:50","slug":"experiencia","status":"publish","type":"page","link":"https:\/\/benditared.com\/?page_id=49","title":{"rendered":"Experiencia"},"content":{"rendered":"\t\t<div data-elementor-type=\"wp-page\" data-elementor-id=\"49\" class=\"elementor elementor-49\" data-elementor-settings=\"{&quot;element_pack_global_tooltip_width&quot;:{&quot;unit&quot;:&quot;px&quot;,&quot;size&quot;:&quot;&quot;,&quot;sizes&quot;:[]},&quot;element_pack_global_tooltip_width_tablet&quot;:{&quot;unit&quot;:&quot;px&quot;,&quot;size&quot;:&quot;&quot;,&quot;sizes&quot;:[]},&quot;element_pack_global_tooltip_width_mobile&quot;:{&quot;unit&quot;:&quot;px&quot;,&quot;size&quot;:&quot;&quot;,&quot;sizes&quot;:[]},&quot;element_pack_global_tooltip_padding&quot;:{&quot;unit&quot;:&quot;px&quot;,&quot;top&quot;:&quot;&quot;,&quot;right&quot;:&quot;&quot;,&quot;bottom&quot;:&quot;&quot;,&quot;left&quot;:&quot;&quot;,&quot;isLinked&quot;:true},&quot;element_pack_global_tooltip_padding_tablet&quot;:{&quot;unit&quot;:&quot;px&quot;,&quot;top&quot;:&quot;&quot;,&quot;right&quot;:&quot;&quot;,&quot;bottom&quot;:&quot;&quot;,&quot;left&quot;:&quot;&quot;,&quot;isLinked&quot;:true},&quot;element_pack_global_tooltip_padding_mobile&quot;:{&quot;unit&quot;:&quot;px&quot;,&quot;top&quot;:&quot;&quot;,&quot;right&quot;:&quot;&quot;,&quot;bottom&quot;:&quot;&quot;,&quot;left&quot;:&quot;&quot;,&quot;isLinked&quot;:true},&quot;element_pack_global_tooltip_border_radius&quot;:{&quot;unit&quot;:&quot;px&quot;,&quot;top&quot;:&quot;&quot;,&quot;right&quot;:&quot;&quot;,&quot;bottom&quot;:&quot;&quot;,&quot;left&quot;:&quot;&quot;,&quot;isLinked&quot;:true},&quot;element_pack_global_tooltip_border_radius_tablet&quot;:{&quot;unit&quot;:&quot;px&quot;,&quot;top&quot;:&quot;&quot;,&quot;right&quot;:&quot;&quot;,&quot;bottom&quot;:&quot;&quot;,&quot;left&quot;:&quot;&quot;,&quot;isLinked&quot;:true},&quot;element_pack_global_tooltip_border_radius_mobile&quot;:{&quot;unit&quot;:&quot;px&quot;,&quot;top&quot;:&quot;&quot;,&quot;right&quot;:&quot;&quot;,&quot;bottom&quot;:&quot;&quot;,&quot;left&quot;:&quot;&quot;,&quot;isLinked&quot;:true}}\">\n\t\t\t\t<div class=\"elementor-element elementor-element-959147e e-flex e-con-boxed e-con e-parent\" data-id=\"959147e\" data-element_type=\"container\" data-settings=\"{&quot;background_background&quot;:&quot;classic&quot;}\">\n\t\t\t\t\t<div class=\"e-con-inner\">\n\t\t<div class=\"elementor-element elementor-element-d79a3e7 e-con-full e-flex e-con e-child\" data-id=\"d79a3e7\" data-element_type=\"container\">\n\t\t\t\t<div class=\"elementor-element elementor-element-f06e896 ui-e-a-animate elementor-invisible elementor-widget elementor-widget-highlighted-text\" data-id=\"f06e896\" data-element_type=\"widget\" data-settings=\"{&quot;_animation_delay&quot;:&quot;500&quot;,&quot;_animation&quot;:&quot;fadeInUp&quot;}\" data-widget_type=\"highlighted-text.default\">\n\t\t\t\t<div class=\"elementor-widget-container\">\n\t\t\t\t\t        <h1 class=\"ui-e--highlighted-text\">\n            <span class=\"ui-e-headline-text elementor-repeater-item-092081e\">Nuestra <\/span><span class=\"ui-e-headline-text elementor-repeater-item-9beccfb ui-e-headline-stroke7\">\n\t\t\t\t\t\t\t\t\t<span class=\"whitespace\"><\/span>\n                                    <span>\n                                        <span class=\"ui-e-headline-text ui-e-headline-highlighted\">Experiencia<\/span><span class=\"uicore-svg-wrapper\"><svg xmlns=\"http:\/\/www.w3.org\/2000\/svg\" viewBox=\"0 0 500 150\" preserveAspectRatio=\"none\"><path d='M15.2 133.3H485' \/><\/svg><\/span><\/span> <span class=\"whitespace\"> <\/span><\/span>        <\/h1>\n    \t\t\t\t<\/div>\n\t\t\t\t<\/div>\n\t\t\t\t<\/div>\n\t\t\t\t\t<\/div>\n\t\t\t\t<\/div>\n\t\t<div class=\"elementor-element elementor-element-a797241 e-flex e-con-boxed e-con e-parent\" data-id=\"a797241\" data-element_type=\"container\">\n\t\t\t\t\t<div class=\"e-con-inner\">\n\t\t\t\t<div class=\"elementor-element elementor-element-6a19a41  ui-split-animate ui-splitby-lines elementor-widget elementor-widget-text-editor\" data-id=\"6a19a41\" data-element_type=\"widget\" data-settings=\"{&quot;ui_animate_split&quot;:&quot;ui-split-animate&quot;,&quot;ui_animate_split_by&quot;:&quot;lines&quot;,&quot;ui_animate_split_style&quot;:&quot;zoomOut&quot;}\" data-widget_type=\"text-editor.default\">\n\t\t\t\t<div class=\"elementor-widget-container\">\n\t\t\t\t\t\t\t\t\t<p>En Benditared contamos con una trayectoria s\u00f3lida en el an\u00e1lisis de opini\u00f3n p\u00fablica, percepci\u00f3n ciudadana y evaluaci\u00f3n de gobiernos. Hemos trabajado de la mano con actores clave del \u00e1mbito pol\u00edtico y social para transformar datos en decisiones estrat\u00e9gicas.<\/p>\t\t\t\t\t\t\t\t<\/div>\n\t\t\t\t<\/div>\n\t\t\t\t<div class=\"elementor-element elementor-element-2282674 elementor-invisible elementor-widget elementor-widget-image\" data-id=\"2282674\" data-element_type=\"widget\" data-settings=\"{&quot;_animation&quot;:&quot;zoomIn&quot;}\" data-widget_type=\"image.default\">\n\t\t\t\t<div class=\"elementor-widget-container\">\n\t\t\t\t\t\t\t\t\t\t\t\t\t\t\t<img fetchpriority=\"high\" decoding=\"async\" width=\"740\" height=\"740\" src=\"https:\/\/benditared.com\/wp-content\/uploads\/2025\/04\/group-67fe8838722ad9433fa5b188.png\" class=\"attachment-large size-large wp-image-534\" alt=\"\" srcset=\"https:\/\/benditared.com\/wp-content\/uploads\/2025\/04\/group-67fe8838722ad9433fa5b188.png 740w, https:\/\/benditared.com\/wp-content\/uploads\/2025\/04\/group-67fe8838722ad9433fa5b188-300x300.png 300w, https:\/\/benditared.com\/wp-content\/uploads\/2025\/04\/group-67fe8838722ad9433fa5b188-150x150.png 150w, https:\/\/benditared.com\/wp-content\/uploads\/2025\/04\/group-67fe8838722ad9433fa5b188-650x650.png 650w\" sizes=\"(max-width: 740px) 100vw, 740px\" \/>\t\t\t\t\t\t\t\t\t\t\t\t\t\t\t<\/div>\n\t\t\t\t<\/div>\n\t\t\t\t\t<\/div>\n\t\t\t\t<\/div>\n\t\t<div class=\"elementor-element elementor-element-8180497 e-con-full e-flex e-con e-parent\" data-id=\"8180497\" data-element_type=\"container\">\n\t\t<div class=\"elementor-element elementor-element-7f3e7ea e-con-full e-flex e-con e-child\" data-id=\"7f3e7ea\" data-element_type=\"container\">\n\t\t\t\t<div class=\"elementor-element elementor-element-9215295 elementor-view-default elementor-position-top elementor-mobile-position-top elementor-widget elementor-widget-icon-box\" data-id=\"9215295\" data-element_type=\"widget\" data-widget_type=\"icon-box.default\">\n\t\t\t\t<div class=\"elementor-widget-container\">\n\t\t\t\t\t\t\t<div class=\"elementor-icon-box-wrapper\">\n\n\t\t\t\t\t\t<div class=\"elementor-icon-box-icon\">\n\t\t\t\t<span  class=\"elementor-icon\">\n\t\t\t\t<svg xmlns=\"http:\/\/www.w3.org\/2000\/svg\" viewBox=\"0 0 64 64\" id=\"certificate\"><path d=\"M62,1H2A1,1,0,0,0,1,2V52a1,1,0,0,0,1,1H23v9a1,1,0,0,0,1.45.89L32,59.12l7.55,3.77A1,1,0,0,0,40,63a1,1,0,0,0,.53-.15A1,1,0,0,0,41,62V53H62a1,1,0,0,0,1-1V2A1,1,0,0,0,62,1ZM19.47,41.94a5,5,0,0,0-.86-1.72A2.88,2.88,0,0,1,18,39a2.88,2.88,0,0,1,.61-1.22,5,5,0,0,0,.86-1.72,5.19,5.19,0,0,0,0-2,2.82,2.82,0,0,1,0-1.32c.12-.28.59-.54,1-.8A5.2,5.2,0,0,0,22,30.78,5.09,5.09,0,0,0,22.75,29a2.85,2.85,0,0,1,.53-1.21,2.64,2.64,0,0,1,1.25-.25,5.22,5.22,0,0,0,1.9-.4,5,5,0,0,0,1.46-1.26c.34-.37.71-.79,1-.86a2.82,2.82,0,0,1,1.2.33,5.13,5.13,0,0,0,1.91.49,5.13,5.13,0,0,0,1.91-.49,2.86,2.86,0,0,1,1.2-.33c.29.07.66.49,1,.86a5,5,0,0,0,1.46,1.26,5.22,5.22,0,0,0,1.9.4,2.64,2.64,0,0,1,1.25.25A2.85,2.85,0,0,1,41.25,29,5.09,5.09,0,0,0,42,30.78,5.2,5.2,0,0,0,43.57,32c.45.26.92.53,1,.8a2.82,2.82,0,0,1,0,1.32,5.19,5.19,0,0,0,0,2,5,5,0,0,0,.86,1.72A2.88,2.88,0,0,1,46,39a2.88,2.88,0,0,1-.61,1.22,5,5,0,0,0-.86,1.72,5.19,5.19,0,0,0,0,2,2.82,2.82,0,0,1,0,1.32c-.12.28-.59.54-1,.8A5.2,5.2,0,0,0,42,47.22,5.09,5.09,0,0,0,41.25,49a2.85,2.85,0,0,1-.53,1.21,2.64,2.64,0,0,1-1.25.25,5.22,5.22,0,0,0-1.9.4,5,5,0,0,0-1.46,1.26c-.34.37-.71.79-1,.86a2.82,2.82,0,0,1-1.2-.33A5.13,5.13,0,0,0,32,52.17a5.13,5.13,0,0,0-1.91.49,2.82,2.82,0,0,1-1.2.33c-.29-.07-.66-.49-1-.86a5,5,0,0,0-1.46-1.26,5.22,5.22,0,0,0-1.9-.4,2.64,2.64,0,0,1-1.25-.25A2.85,2.85,0,0,1,22.75,49,5.09,5.09,0,0,0,22,47.22,5.2,5.2,0,0,0,20.43,46c-.45-.26-.92-.53-1-.8a2.82,2.82,0,0,1,0-1.32A5.19,5.19,0,0,0,19.47,41.94Zm13,15.17a1,1,0,0,0-.9,0L25,60.38V52.52a1.83,1.83,0,0,1,.55.14,3.82,3.82,0,0,1,.85.8,4.1,4.1,0,0,0,2,1.48,4,4,0,0,0,2.42-.43A3.63,3.63,0,0,1,32,54.17a3.63,3.63,0,0,1,1.15.34A4.84,4.84,0,0,0,35,55a2.57,2.57,0,0,0,.55-.06,4.09,4.09,0,0,0,2-1.48,3.82,3.82,0,0,1,.85-.8,1.59,1.59,0,0,1,.55-.13v7.85ZM61,51H42.61a6.83,6.83,0,0,0,.56-1.43,4,4,0,0,1,.44-1.12,3.86,3.86,0,0,1,1-.69,4,4,0,0,0,1.84-1.67,4.15,4.15,0,0,0,.13-2.48,3.9,3.9,0,0,1-.07-1.24,3.74,3.74,0,0,1,.57-1A4.24,4.24,0,0,0,48,39a4.24,4.24,0,0,0-1-2.34,3.74,3.74,0,0,1-.57-1,3.9,3.9,0,0,1,.07-1.24,4.15,4.15,0,0,0-.13-2.48,4,4,0,0,0-1.84-1.67,3.86,3.86,0,0,1-1-.69,4,4,0,0,1-.44-1.12A4.15,4.15,0,0,0,42,26.23a4.05,4.05,0,0,0-2.38-.7,3.59,3.59,0,0,1-1.16-.19,3.82,3.82,0,0,1-.85-.8,4.1,4.1,0,0,0-2-1.48,4,4,0,0,0-2.42.43,3.63,3.63,0,0,1-1.15.34,3.63,3.63,0,0,1-1.15-.34,3.94,3.94,0,0,0-2.41-.43,4.09,4.09,0,0,0-2,1.48,3.82,3.82,0,0,1-.85.8,3.59,3.59,0,0,1-1.16.19,4.05,4.05,0,0,0-2.38.7,4.22,4.22,0,0,0-1.18,2.2,4,4,0,0,1-.44,1.12,3.86,3.86,0,0,1-1,.69,4,4,0,0,0-1.84,1.67,4.15,4.15,0,0,0-.13,2.48,3.9,3.9,0,0,1,.07,1.24,3.74,3.74,0,0,1-.57,1A4.24,4.24,0,0,0,16,39,4.24,4.24,0,0,0,17,41.34a3.74,3.74,0,0,1,.57,1,3.9,3.9,0,0,1-.07,1.24,4.15,4.15,0,0,0,.13,2.48,4,4,0,0,0,1.84,1.67,3.86,3.86,0,0,1,1,.69,4,4,0,0,1,.44,1.12A6.83,6.83,0,0,0,21.39,51H3V3H61ZM32,49A10,10,0,1,0,22,39,10,10,0,0,0,32,49Zm0-18a8,8,0,1,1-8,8A8,8,0,0,1,32,31ZM14,9a1,1,0,0,1,1-1H49a1,1,0,0,1,0,2H15A1,1,0,0,1,14,9Zm0,7a1,1,0,0,1,1-1h5a1,1,0,0,1,0,2H15A1,1,0,0,1,14,16Zm36,3a1,1,0,0,1-1,1H36a1,1,0,0,1,0-2H49A1,1,0,0,1,50,19Z\"><\/path><\/svg>\t\t\t\t<\/span>\n\t\t\t<\/div>\n\t\t\t\n\t\t\t\t\t\t<div class=\"elementor-icon-box-content\">\n\n\t\t\t\t\t\t\t\t\t<h3 class=\"elementor-icon-box-title\">\n\t\t\t\t\t\t<span  >\n\t\t\t\t\t\t\tExperiencia Comprobada\t\t\t\t\t\t<\/span>\n\t\t\t\t\t<\/h3>\n\t\t\t\t\n\t\t\t\t\t\t\t\t\t<p class=\"elementor-icon-box-description\">\n\t\t\t\t\t\tHemos participado en m\u00e1s de 100 campa\u00f1as a lo largo de todo M\u00e9xico, incluyendo elecciones para gobernadores, diputados, senadores y corcholatas\t\t\t\t\t<\/p>\n\t\t\t\t\n\t\t\t<\/div>\n\t\t\t\n\t\t<\/div>\n\t\t\t\t\t\t<\/div>\n\t\t\t\t<\/div>\n\t\t\t\t<\/div>\n\t\t<div class=\"elementor-element elementor-element-72cffe0 e-con-full e-flex e-con e-child\" data-id=\"72cffe0\" data-element_type=\"container\">\n\t\t\t\t<div class=\"elementor-element elementor-element-2240025 elementor-view-default elementor-position-top elementor-mobile-position-top elementor-widget elementor-widget-icon-box\" data-id=\"2240025\" data-element_type=\"widget\" data-widget_type=\"icon-box.default\">\n\t\t\t\t<div class=\"elementor-widget-container\">\n\t\t\t\t\t\t\t<div class=\"elementor-icon-box-wrapper\">\n\n\t\t\t\t\t\t<div class=\"elementor-icon-box-icon\">\n\t\t\t\t<span  class=\"elementor-icon\">\n\t\t\t\t<svg xmlns=\"http:\/\/www.w3.org\/2000\/svg\" viewBox=\"0 0 64 64\" id=\"technology\"><path d=\"m22.684 29.849 2.532.844.083.2-1.194 2.387a1 1 0 0 0 .187 1.155l1.273 1.273a1 1 0 0 0 1.155.187l2.388-1.195.2.083.844 2.532A1 1 0 0 0 31.1 38h1.8a1 1 0 0 0 .949-.684l.844-2.532.2-.083L37.28 35.9a1 1 0 0 0 1.155-.187l1.273-1.273a1 1 0 0 0 .192-1.16l-1.2-2.388.083-.2 2.532-.844A1 1 0 0 0 42 28.9v-1.8a1 1 0 0 0-.684-.949l-2.532-.844a28.926 28.926 0 0 0-.083-.2L39.9 22.72a1 1 0 0 0-.187-1.155l-1.273-1.273a1 1 0 0 0-1.155-.187L34.892 21.3l-.2-.083-.844-2.532A1 1 0 0 0 32.9 18h-1.8a1 1 0 0 0-.949.684l-.844 2.532-.2.083-2.387-1.194a1 1 0 0 0-1.155.187l-1.273 1.273a1 1 0 0 0-.187 1.155l1.195 2.388a11.96 11.96 0 0 0-.083.2l-2.532.844A1 1 0 0 0 22 27.1v1.8a1 1 0 0 0 .684.949ZM24 27.821l2.309-.77a1 1 0 0 0 .637-.648 5.3 5.3 0 0 1 .353-.844 1 1 0 0 0 .008-.909l-1.091-2.18.254-.254 2.18 1.091a1 1 0 0 0 .909-.008 5.3 5.3 0 0 1 .844-.353 1 1 0 0 0 .648-.637l.77-2.309h.358l.77 2.309a1 1 0 0 0 .648.637 5.3 5.3 0 0 1 .844.353 1 1 0 0 0 .909.008l2.18-1.091.254.254-1.091 2.18a1 1 0 0 0 .008.909 5.3 5.3 0 0 1 .353.844 1 1 0 0 0 .637.648l2.309.77v.358l-2.309.77a1 1 0 0 0-.637.648 5.3 5.3 0 0 1-.353.844 1 1 0 0 0-.008.909l1.091 2.18-.254.254-2.18-1.091a1 1 0 0 0-.909.008 5.3 5.3 0 0 1-.844.353 1 1 0 0 0-.648.637L32.179 36h-.358l-.77-2.309a1 1 0 0 0-.648-.637 5.3 5.3 0 0 1-.844-.353 1 1 0 0 0-.909-.008l-2.18 1.091-.254-.254 1.091-2.18a1 1 0 0 0-.008-.909 5.3 5.3 0 0 1-.353-.844 1 1 0 0 0-.637-.648L24 28.179Z\"><\/path><path d=\"M32 32a4 4 0 1 0-4-4 4 4 0 0 0 4 4zm0-6a2 2 0 1 1-2 2 2 2 0 0 1 2-2zm-2.085-15.728 1.371 1.456a1.07 1.07 0 0 1 1.428 0l1.371-1.456a3.082 3.082 0 0 0-4.17 0zm6.971-2.635a7.227 7.227 0 0 0-9.772 0l1.371 1.456a5.2 5.2 0 0 1 7.03 0z\"><\/path><path d=\"M39.686 5a11.371 11.371 0 0 0-15.372 0l1.372 1.456a9.341 9.341 0 0 1 12.628 0zM62 14a4 4 0 1 0-5.1 3.826l-1.8 15.33A2.992 2.992 0 0 0 53.184 35H51V17.759A3.764 3.764 0 0 0 47.241 14H16.759A3.764 3.764 0 0 0 13 17.759V35h-2.184a3 3 0 0 0-1.908-1.845L7.1 17.826a3.982 3.982 0 1 0-2.006.062L6.9 33.215a2.991 2.991 0 0 0 0 5.57L5.1 54.112a4.019 4.019 0 1 0 2.006.062l1.8-15.33A2.992 2.992 0 0 0 10.816 37H13v1.241a3.735 3.735 0 0 0 1.03 2.569c0 .028-.02.051-.024.08l-2 18A1 1 0 0 0 13 60h38a1 1 0 0 0 .994-1.11l-2-18c0-.029-.019-.052-.024-.08A3.735 3.735 0 0 0 51 38.241V37h2.184a2.992 2.992 0 0 0 1.908 1.844l1.8 15.33a3.982 3.982 0 1 0 2.006-.062L57.1 38.785a2.991 2.991 0 0 0 0-5.57l1.8-15.327A4 4 0 0 0 62 14zM4 14a2 2 0 1 1 2 2 2 2 0 0 1-2-2zm4 44a2 2 0 1 1-2-2 2 2 0 0 1 2 2zm0-21a1 1 0 1 1 1-1 1 1 0 0 1-1 1zm7-19.241A1.761 1.761 0 0 1 16.759 16h30.482A1.761 1.761 0 0 1 49 17.759v20.482A1.761 1.761 0 0 1 47.241 40H16.759A1.761 1.761 0 0 1 15 38.241zM29 58v-2h6v2zm8 0v-3a1 1 0 0 0-1-1h-8a1 1 0 0 0-1 1v3H14.117L15.9 42h32.21l1.778 16zm19-44a2 2 0 1 1 2 2 2 2 0 0 1-2-2zm0 21a1 1 0 1 1-1 1 1 1 0 0 1 1-1zm4 23a2 2 0 1 1-2-2 2 2 0 0 1 2 2z\"><\/path><\/svg>\t\t\t\t<\/span>\n\t\t\t<\/div>\n\t\t\t\n\t\t\t\t\t\t<div class=\"elementor-icon-box-content\">\n\n\t\t\t\t\t\t\t\t\t<h3 class=\"elementor-icon-box-title\">\n\t\t\t\t\t\t<span  >\n\t\t\t\t\t\t\tTecnolog\u00eda Propia\t\t\t\t\t\t<\/span>\n\t\t\t\t\t<\/h3>\n\t\t\t\t\n\t\t\t\t\t\t\t\t\t<p class=\"elementor-icon-box-description\">\n\t\t\t\t\t\tEn Bendita Red no dependemos de terceros. Nuestra tecnolog\u00eda es\ndesarrollada 100% por nosotros, dise\u00f1ada exclusivamente para campa\u00f1as pol\u00edticas y optimizada a partir de cientos de elecciones reales.\t\t\t\t\t<\/p>\n\t\t\t\t\n\t\t\t<\/div>\n\t\t\t\n\t\t<\/div>\n\t\t\t\t\t\t<\/div>\n\t\t\t\t<\/div>\n\t\t\t\t<\/div>\n\t\t<div class=\"elementor-element elementor-element-7f248ac e-con-full e-flex e-con e-child\" data-id=\"7f248ac\" data-element_type=\"container\">\n\t\t\t\t<div class=\"elementor-element elementor-element-06a42ad elementor-view-default elementor-position-top elementor-mobile-position-top elementor-widget elementor-widget-icon-box\" data-id=\"06a42ad\" data-element_type=\"widget\" data-widget_type=\"icon-box.default\">\n\t\t\t\t<div class=\"elementor-widget-container\">\n\t\t\t\t\t\t\t<div class=\"elementor-icon-box-wrapper\">\n\n\t\t\t\t\t\t<div class=\"elementor-icon-box-icon\">\n\t\t\t\t<span  class=\"elementor-icon\">\n\t\t\t\t<svg xmlns=\"http:\/\/www.w3.org\/2000\/svg\" fill-rule=\"evenodd\" stroke-linejoin=\"round\" stroke-miterlimit=\"2\" clip-rule=\"evenodd\" viewBox=\"0 0 64 64\" id=\"strategy\"><g transform=\"translate(-192 -576)\"><path d=\"M207.585,609.048L209.759,611.493C210.858,612.731 212.756,612.842 213.994,611.742C215.231,610.642 215.343,608.744 214.243,607.507L212.273,605.291C212.732,605.111 213.21,604.978 213.701,604.897L219.304,603.974C220.472,604.777 222.084,604.659 223.122,603.621C224.293,602.451 224.293,600.549 223.122,599.379C223.122,599.379 213.122,589.379 213.122,589.379C211.951,588.208 210.05,588.208 208.879,589.379C207.841,590.417 207.724,592.029 208.526,593.197L207.604,598.8C207.366,600.244 206.681,601.577 205.647,602.612C204.759,603.499 203.879,604.379 203.879,604.379C202.709,605.549 202.709,607.451 203.879,608.621C204.885,609.626 206.428,609.769 207.585,609.048ZM210.502,606.309C210.288,606.478 210.083,606.66 209.889,606.854L209.054,607.69L211.253,610.164C211.62,610.577 212.253,610.614 212.665,610.247C213.078,609.881 213.115,609.248 212.748,608.836L210.502,606.309ZM207.767,603.231L209.172,604.812C208.93,605.008 208.697,605.218 208.475,605.44C207.587,606.328 206.708,607.207 206.708,607.207C206.318,607.597 205.684,607.597 205.294,607.207C204.903,606.817 204.903,606.183 205.294,605.793C205.294,605.793 206.173,604.914 207.061,604.026C207.312,603.774 207.548,603.509 207.767,603.231ZM210.879,603.722L208.86,601.451C209.201,600.716 209.444,599.934 209.577,599.125L210.257,594.999L217.502,602.244L213.376,602.924C212.504,603.067 211.663,603.338 210.879,603.722ZM210.294,592.207C209.903,591.817 209.903,591.183 210.294,590.793C210.684,590.403 211.318,590.403 211.708,590.793C211.708,590.793 221.708,600.793 221.708,600.793C222.098,601.183 222.098,601.817 221.708,602.207C221.318,602.597 220.684,602.597 220.294,602.207C220.294,602.207 210.294,592.207 210.294,592.207Z\"><\/path><path d=\"M251.292,101.293L248.293,104.293C247.903,104.683 247.903,105.317 248.293,105.707C248.683,106.097 249.317,106.097 249.707,105.707L252.706,102.707C253.097,102.317 253.097,101.683 252.706,101.293C252.316,100.903 251.682,100.903 251.292,101.293Z\" transform=\"translate(-29 487.5)\"><\/path><path d=\"M247 104L247 102C247 101.448 246.552 101 246 101 245.448 101 245 101.448 245 102L245 104C245 104.552 245.448 105 246 105 246.552 105 247 104.552 247 104zM250 109L251.999 109C252.551 109 252.999 108.552 252.999 108 252.999 107.448 252.551 107 251.999 107L250 107C249.448 107 249 107.448 249 108 249 108.552 249.448 109 250 109z\" transform=\"translate(-28 486.5)\"><\/path><path d=\"M240 587C238.344 587 237 588.344 237 590 237 591.656 238.344 593 240 593 241.656 593 243 591.656 243 590 243 588.344 241.656 587 240 587zM240 589C240.552 589 241 589.448 241 590 241 590.552 240.552 591 240 591 239.448 591 239 590.552 239 590 239 589.448 239.448 589 240 589zM239 598.414L239 600C239 600.796 238.684 601.559 238.121 602.121 237.559 602.684 236.796 603 236 603L230 603C228.343 603 227 604.343 227 606L227 607.171C225.835 607.583 225 608.695 225 610 225 611.656 226.344 613 228 613 229.656 613 231 611.656 231 610 231 608.695 230.165 607.583 229 607.171L229 606C229 605.448 229.448 605 230 605 230 605 236 605 236 605 237.326 605 238.598 604.473 239.536 603.536 240.473 602.598 241 601.326 241 600L241 598.414 243.293 600.707C243.683 601.097 244.317 601.097 244.707 600.707 245.097 600.317 245.097 599.683 244.707 599.293L240.707 595.293C240.317 594.902 239.683 594.902 239.293 595.293L235.293 599.293C234.903 599.683 234.903 600.317 235.293 600.707 235.683 601.097 236.317 601.097 236.707 600.707L239 598.414zM228 609C228.552 609 229 609.448 229 610 229 610.552 228.552 611 228 611 227.448 611 227 610.552 227 610 227 609.448 227.448 609 228 609z\"><\/path><path d=\"M238,608.748L236.685,607.512C236.283,607.134 235.649,607.154 235.271,607.556C234.893,607.958 234.913,608.591 235.315,608.969L236.54,610.12L235.315,611.271C234.913,611.649 234.893,612.283 235.271,612.685C235.649,613.087 236.283,613.107 236.685,612.729L238,611.493L239.315,612.729C239.717,613.107 240.351,613.087 240.729,612.685C241.107,612.283 241.087,611.649 240.685,611.271L239.46,610.12L240.685,608.969C241.087,608.591 241.107,607.958 240.729,607.556C240.351,607.154 239.717,607.134 239.315,607.512L238,608.748Z\"><\/path><path d=\"M238,608.748L236.685,607.512C236.283,607.134 235.649,607.154 235.271,607.556C234.893,607.958 234.913,608.591 235.315,608.969L236.54,610.12L235.315,611.271C234.913,611.649 234.893,612.283 235.271,612.685C235.649,613.087 236.283,613.107 236.685,612.729L238,611.493L239.315,612.729C239.717,613.107 240.351,613.087 240.729,612.685C241.107,612.283 241.087,611.649 240.685,611.271L239.46,610.12L240.685,608.969C241.087,608.591 241.107,607.958 240.729,607.556C240.351,607.154 239.717,607.134 239.315,607.512L238,608.748Z\" transform=\"translate(-8 -12.12)\"><\/path><path d=\"M238,608.748L236.685,607.512C236.283,607.134 235.649,607.154 235.271,607.556C234.893,607.958 234.913,608.591 235.315,608.969L236.54,610.12L235.315,611.271C234.913,611.649 234.893,612.283 235.271,612.685C235.649,613.087 236.283,613.107 236.685,612.729L238,611.493L239.315,612.729C239.717,613.107 240.351,613.087 240.729,612.685C241.107,612.283 241.087,611.649 240.685,611.271L239.46,610.12L240.685,608.969C241.087,608.591 241.107,607.958 240.729,607.556C240.351,607.154 239.717,607.134 239.315,607.512L238,608.748Z\" transform=\"translate(-8 -20.12)\"><\/path><path d=\"M213.593,621L207.359,632.578C206.574,634.036 207.12,635.856 208.578,636.641C210.036,637.426 211.856,636.88 212.641,635.422L215.023,631L232.977,631L235.359,635.422C236.144,636.88 237.964,637.426 239.422,636.641C240.88,635.856 241.426,634.036 240.641,632.578L234.407,621L250,621C251.657,621 253,619.657 253,618C253,618 253,618 253,618C253,616.343 251.657,615 250,615L249,615L249,585L250,585C251.657,585 253,583.657 253,582C253,582 253,582 253,582C253,580.343 251.657,579 250,579L198,579C196.343,579 195,580.343 195,582C195,583.657 196.343,585 198,585L199,585L199,615L198,615C196.343,615 195,616.343 195,618C195,619.657 196.343,621 198,621L213.593,621ZM210.88,634.474L218.136,621L215.864,621L209.12,633.526C208.858,634.012 209.04,634.619 209.526,634.88C210.012,635.142 210.619,634.96 210.88,634.474ZM229.864,621L237.12,634.474C237.381,634.96 237.988,635.142 238.474,634.88C238.96,634.619 239.142,634.012 238.88,633.526C238.88,633.526 232.136,621 232.136,621L229.864,621ZM217.176,627L216.1,629L231.9,629L230.823,627L217.176,627ZM218.253,625L229.747,625L227.593,621L220.407,621L218.253,625ZM236,615L247,615L247,585L201,585C201,585 201,615 201,615L232,615C232.552,615 233,615.448 233,616C233,616.552 232.552,617 232,617L198,617C197.448,617 197,617.448 197,618C197,618.552 197.448,619 198,619C198,619 250,619 250,619C250.552,619 251,618.552 251,618C251,617.448 250.552,617 250,617L236,617C235.448,617 235,616.552 235,616C235,615.448 235.448,615 236,615ZM251,582C251,581.448 250.552,581 250,581C250,581 198,581 198,581C197.448,581 197,581.448 197,582C197,582.552 197.448,583 198,583C198,583 250,583 250,583C250.552,583 251,582.552 251,582Z\"><\/path><\/g><\/svg>\t\t\t\t<\/span>\n\t\t\t<\/div>\n\t\t\t\n\t\t\t\t\t\t<div class=\"elementor-icon-box-content\">\n\n\t\t\t\t\t\t\t\t\t<h3 class=\"elementor-icon-box-title\">\n\t\t\t\t\t\t<span  >\n\t\t\t\t\t\t\tEstrategias Que Funcionan\t\t\t\t\t\t<\/span>\n\t\t\t\t\t<\/h3>\n\t\t\t\t\n\t\t\t\t\t\t\t\t\t<p class=\"elementor-icon-box-description\">\n\t\t\t\t\t\tNuestras metodolog\u00edas y t\u00e1cticas est\u00e1n probadas y han demostrado ser efectivas en diversos contextos electorales, llevando a nuestros clientes a la victoria\t\t\t\t\t<\/p>\n\t\t\t\t\n\t\t\t<\/div>\n\t\t\t\n\t\t<\/div>\n\t\t\t\t\t\t<\/div>\n\t\t\t\t<\/div>\n\t\t\t\t<\/div>\n\t\t<div class=\"elementor-element elementor-element-6e758b0 e-con-full e-flex e-con e-child\" data-id=\"6e758b0\" data-element_type=\"container\">\n\t\t\t\t<div class=\"elementor-element elementor-element-4e7ca92 elementor-view-default elementor-position-top elementor-mobile-position-top elementor-widget elementor-widget-icon-box\" data-id=\"4e7ca92\" data-element_type=\"widget\" data-widget_type=\"icon-box.default\">\n\t\t\t\t<div class=\"elementor-widget-container\">\n\t\t\t\t\t\t\t<div class=\"elementor-icon-box-wrapper\">\n\n\t\t\t\t\t\t<div class=\"elementor-icon-box-icon\">\n\t\t\t\t<span  class=\"elementor-icon\">\n\t\t\t\t<svg xmlns=\"http:\/\/www.w3.org\/2000\/svg\" viewBox=\"0 0 64 64\"><g id=\"outline\"><path d=\"M54,42.2V8a1,1,0,0,0-1-1H48V6a3,3,0,0,0-6,0V7H38V6a3,3,0,0,0-6,0V7H24V6a3,3,0,0,0-6,0V7H14V6A3,3,0,0,0,8,6V7H3A1,1,0,0,0,2,8V52a1,1,0,0,0,1,1H42.051A10,10,0,1,0,54,42.2ZM44,6a1,1,0,0,1,2,0v4H44ZM34,6a1,1,0,0,1,2,0v4H34ZM20,6a1,1,0,0,1,2,0v4H20ZM10,8V6a1,1,0,0,1,2,0v4H10ZM4,9H8v2a1,1,0,0,0,1,1h4a1,1,0,0,0,1-1V9h4v2a1,1,0,0,0,1,1h4a1,1,0,0,0,1-1V9h8v2a1,1,0,0,0,1,1h4a1,1,0,0,0,1-1V9h4v2a1,1,0,0,0,1,1h4a1,1,0,0,0,1-1V9h4v4H4ZM4,51V15H52V42a10.013,10.013,0,0,0-9.949,9Zm48,9a8,8,0,1,1,8-8A8.009,8.009,0,0,1,52,60Z\"><\/path><path d=\"M49.8,47.4l-1.6,1.2,3,4a1,1,0,0,0,.636.386l6,1,.328-1.972-5.6-.935Z\"><\/path><path d=\"M40,20a3,3,0,0,0-3,3c0,.011,0,.021,0,.032l-3.518,2.111a1,1,0,0,0-.285.257l-5.414,7.218-6.205-4.431A1,1,0,0,0,20.2,28.4l-5.432,7.244L10,32.465V19H8V46a1,1,0,0,0,1,1H41V45H10V34.868l4.445,2.964A1,1,0,0,0,15.8,37.6l5.414-7.218,6.205,4.431A1,1,0,0,0,28.8,34.6l5.883-7.843,3.041-1.825A2.994,2.994,0,1,0,40,20Zm0,4a1,1,0,1,1,1-1A1,1,0,0,1,40,24Z\"><\/path><rect height=\"2\" width=\"4\" x=\"26\" y=\"37\"><\/rect><rect height=\"2\" width=\"4\" x=\"19\" y=\"24\"><\/rect><rect height=\"2\" width=\"4\" x=\"13\" y=\"40\"><\/rect><\/g><\/svg>\t\t\t\t<\/span>\n\t\t\t<\/div>\n\t\t\t\n\t\t\t\t\t\t<div class=\"elementor-icon-box-content\">\n\n\t\t\t\t\t\t\t\t\t<h3 class=\"elementor-icon-box-title\">\n\t\t\t\t\t\t<span  >\n\t\t\t\t\t\t\tExperiencia Comprobada\t\t\t\t\t\t<\/span>\n\t\t\t\t\t<\/h3>\n\t\t\t\t\n\t\t\t\t\t\t\t\t\t<p class=\"elementor-icon-box-description\">\n\t\t\t\t\t\tLa informaci\u00f3n est\u00e1 disponible en tiempo real para ajustes\nr\u00e1pidos y decisiones informadas.\t\t\t\t\t<\/p>\n\t\t\t\t\n\t\t\t<\/div>\n\t\t\t\n\t\t<\/div>\n\t\t\t\t\t\t<\/div>\n\t\t\t\t<\/div>\n\t\t\t\t<\/div>\n\t\t\t\t<\/div>\n\t\t\t\t<\/div>\n\t\t","protected":false},"excerpt":{"rendered":"<p>Nuestra Experiencia En Benditared contamos con una trayectoria s\u00f3lida en el an\u00e1lisis de opini\u00f3n p\u00fablica, percepci\u00f3n ciudadana y evaluaci\u00f3n de gobiernos. Hemos [&hellip;]<\/p>\n","protected":false},"author":1,"featured_media":0,"parent":0,"menu_order":0,"comment_status":"closed","ping_status":"closed","template":"elementor_header_footer","meta":{"footnotes":""},"class_list":["post-49","page","type-page","status-publish","hentry"],"rttpg_featured_image_url":null,"rttpg_author":{"display_name":"duvo","author_link":"https:\/\/benditared.com\/?author=1"},"rttpg_comment":0,"rttpg_category":null,"rttpg_excerpt":"Nuestra Experiencia En Benditared contamos con una trayectoria s\u00f3lida en el an\u00e1lisis de opini\u00f3n p\u00fablica, percepci\u00f3n ciudadana y evaluaci\u00f3n de gobiernos. Hemos [&hellip;]","_links":{"self":[{"href":"https:\/\/benditared.com\/index.php?rest_route=\/wp\/v2\/pages\/49","targetHints":{"allow":["GET"]}}],"collection":[{"href":"https:\/\/benditared.com\/index.php?rest_route=\/wp\/v2\/pages"}],"about":[{"href":"https:\/\/benditared.com\/index.php?rest_route=\/wp\/v2\/types\/page"}],"author":[{"embeddable":true,"href":"https:\/\/benditared.com\/index.php?rest_route=\/wp\/v2\/users\/1"}],"replies":[{"embeddable":true,"href":"https:\/\/benditared.com\/index.php?rest_route=%2Fwp%2Fv2%2Fcomments&post=49"}],"version-history":[{"count":5,"href":"https:\/\/benditared.com\/index.php?rest_route=\/wp\/v2\/pages\/49\/revisions"}],"predecessor-version":[{"id":1492,"href":"https:\/\/benditared.com\/index.php?rest_route=\/wp\/v2\/pages\/49\/revisions\/1492"}],"wp:attachment":[{"href":"https:\/\/benditared.com\/index.php?rest_route=%2Fwp%2Fv2%2Fmedia&parent=49"}],"curies":[{"name":"wp","href":"https:\/\/api.w.org\/{rel}","templated":true}]}}