{"id":3,"date":"2025-03-20T23:05:18","date_gmt":"2025-03-20T23:05:18","guid":{"rendered":"https:\/\/benditared.com\/?page_id=3"},"modified":"2025-07-31T16:51:42","modified_gmt":"2025-07-31T16:51:42","slug":"privacy-policy","status":"publish","type":"page","link":"https:\/\/benditared.com\/?page_id=3","title":{"rendered":"Pol\u00edtica de Privacidad"},"content":{"rendered":"\t\t<div data-elementor-type=\"wp-page\" data-elementor-id=\"3\" class=\"elementor elementor-3\" data-elementor-settings=\"{&quot;element_pack_global_tooltip_width&quot;:{&quot;unit&quot;:&quot;px&quot;,&quot;size&quot;:&quot;&quot;,&quot;sizes&quot;:[]},&quot;element_pack_global_tooltip_width_tablet&quot;:{&quot;unit&quot;:&quot;px&quot;,&quot;size&quot;:&quot;&quot;,&quot;sizes&quot;:[]},&quot;element_pack_global_tooltip_width_mobile&quot;:{&quot;unit&quot;:&quot;px&quot;,&quot;size&quot;:&quot;&quot;,&quot;sizes&quot;:[]},&quot;element_pack_global_tooltip_padding&quot;:{&quot;unit&quot;:&quot;px&quot;,&quot;top&quot;:&quot;&quot;,&quot;right&quot;:&quot;&quot;,&quot;bottom&quot;:&quot;&quot;,&quot;left&quot;:&quot;&quot;,&quot;isLinked&quot;:true},&quot;element_pack_global_tooltip_padding_tablet&quot;:{&quot;unit&quot;:&quot;px&quot;,&quot;top&quot;:&quot;&quot;,&quot;right&quot;:&quot;&quot;,&quot;bottom&quot;:&quot;&quot;,&quot;left&quot;:&quot;&quot;,&quot;isLinked&quot;:true},&quot;element_pack_global_tooltip_padding_mobile&quot;:{&quot;unit&quot;:&quot;px&quot;,&quot;top&quot;:&quot;&quot;,&quot;right&quot;:&quot;&quot;,&quot;bottom&quot;:&quot;&quot;,&quot;left&quot;:&quot;&quot;,&quot;isLinked&quot;:true},&quot;element_pack_global_tooltip_border_radius&quot;:{&quot;unit&quot;:&quot;px&quot;,&quot;top&quot;:&quot;&quot;,&quot;right&quot;:&quot;&quot;,&quot;bottom&quot;:&quot;&quot;,&quot;left&quot;:&quot;&quot;,&quot;isLinked&quot;:true},&quot;element_pack_global_tooltip_border_radius_tablet&quot;:{&quot;unit&quot;:&quot;px&quot;,&quot;top&quot;:&quot;&quot;,&quot;right&quot;:&quot;&quot;,&quot;bottom&quot;:&quot;&quot;,&quot;left&quot;:&quot;&quot;,&quot;isLinked&quot;:true},&quot;element_pack_global_tooltip_border_radius_mobile&quot;:{&quot;unit&quot;:&quot;px&quot;,&quot;top&quot;:&quot;&quot;,&quot;right&quot;:&quot;&quot;,&quot;bottom&quot;:&quot;&quot;,&quot;left&quot;:&quot;&quot;,&quot;isLinked&quot;:true}}\">\n\t\t\t\t<div class=\"elementor-element elementor-element-5aabf6dc e-con-full e-flex e-con e-parent\" data-id=\"5aabf6dc\" data-element_type=\"container\">\n\t\t\t\t<div class=\"elementor-element elementor-element-30af6a9  ui-split-animate ui-splitby-words elementor-widget elementor-widget-heading\" data-id=\"30af6a9\" data-element_type=\"widget\" data-settings=\"{&quot;ui_animate_split&quot;:&quot;ui-split-animate&quot;,&quot;ui_animate_split_by&quot;:&quot;words&quot;,&quot;ui_animate_split_style&quot;:&quot;fadeInUp&quot;}\" data-widget_type=\"heading.default\">\n\t\t\t\t<div class=\"elementor-widget-container\">\n\t\t\t\t\t<h2 class=\"elementor-heading-title elementor-size-default\">Pol\u00edtica de Privacidad<\/h2>\t\t\t\t<\/div>\n\t\t\t\t<\/div>\n\t\t\t\t<\/div>\n\t\t<div class=\"elementor-element elementor-element-2c24cfd e-con-full e-flex e-con e-parent\" data-id=\"2c24cfd\" data-element_type=\"container\">\n\t\t\t\t<div class=\"elementor-element elementor-element-d8d14a3 elementor-widget-divider--view-line elementor-widget elementor-widget-divider\" data-id=\"d8d14a3\" data-element_type=\"widget\" data-widget_type=\"divider.default\">\n\t\t\t\t<div class=\"elementor-widget-container\">\n\t\t\t\t\t\t\t<div class=\"elementor-divider\">\n\t\t\t<span class=\"elementor-divider-separator\">\n\t\t\t\t\t\t<\/span>\n\t\t<\/div>\n\t\t\t\t\t\t<\/div>\n\t\t\t\t<\/div>\n\t\t\t\t<div class=\"elementor-element elementor-element-7a85b50  ui-split-animate ui-splitby-lines elementor-widget elementor-widget-text-editor\" data-id=\"7a85b50\" data-element_type=\"widget\" data-settings=\"{&quot;ui_animate_split&quot;:&quot;ui-split-animate&quot;,&quot;ui_animate_split_by&quot;:&quot;lines&quot;,&quot;ui_animate_split_style&quot;:&quot;fadeInUp&quot;}\" data-widget_type=\"text-editor.default\">\n\t\t\t\t<div class=\"elementor-widget-container\">\n\t\t\t\t\t\t\t\t\t<p class=\"\" data-start=\"234\" data-end=\"521\">En <strong data-start=\"237\" data-end=\"251\">BenditaRed<\/strong> nos comprometemos a proteger la privacidad y la seguridad de los datos personales que nos proporcionas. Esta pol\u00edtica describe c\u00f3mo recopilamos, utilizamos, almacenamos y protegemos tu informaci\u00f3n en cumplimiento de las leyes vigentes en materia de protecci\u00f3n de datos.<\/p>\n<p class=\"\" data-start=\"523\" data-end=\"635\">Al utilizar nuestros servicios o navegar en nuestro sitio web, aceptas las pr\u00e1cticas descritas en esta pol\u00edtica.<\/p>\t\t\t\t\t\t\t\t<\/div>\n\t\t\t\t<\/div>\n\t\t\t\t<div class=\"elementor-element elementor-element-c1a1182 elementor-widget-divider--view-line elementor-widget elementor-widget-divider\" data-id=\"c1a1182\" data-element_type=\"widget\" data-widget_type=\"divider.default\">\n\t\t\t\t<div class=\"elementor-widget-container\">\n\t\t\t\t\t\t\t<div class=\"elementor-divider\">\n\t\t\t<span class=\"elementor-divider-separator\">\n\t\t\t\t\t\t<\/span>\n\t\t<\/div>\n\t\t\t\t\t\t<\/div>\n\t\t\t\t<\/div>\n\t\t\t\t<div class=\"elementor-element elementor-element-16ee613  ui-split-animate ui-splitby-chars elementor-widget elementor-widget-heading\" data-id=\"16ee613\" data-element_type=\"widget\" data-settings=\"{&quot;ui_animate_split&quot;:&quot;ui-split-animate&quot;,&quot;ui_animate_split_by&quot;:&quot;chars&quot;,&quot;ui_animate_split_style&quot;:&quot;fadeInUp&quot;}\" data-widget_type=\"heading.default\">\n\t\t\t\t<div class=\"elementor-widget-container\">\n\t\t\t\t\t<h2 class=\"elementor-heading-title elementor-size-default\">\u00bfQu\u00e9 datos recopilamos?<\/h2>\t\t\t\t<\/div>\n\t\t\t\t<\/div>\n\t\t\t\t<div class=\"elementor-element elementor-element-e098ba0 elementor-widget__width-initial elementor-invisible elementor-widget elementor-widget-text-editor\" data-id=\"e098ba0\" data-element_type=\"widget\" data-settings=\"{&quot;_animation&quot;:&quot;fadeInDown&quot;}\" data-widget_type=\"text-editor.default\">\n\t\t\t\t<div class=\"elementor-widget-container\">\n\t\t\t\t\t\t\t\t\t<p class=\"\" data-start=\"673\" data-end=\"732\"><span style=\"\">Podemos recopilar las siguientes categor\u00edas de informaci\u00f3n:<\/span><\/p>\n<ul data-start=\"734\" data-end=\"1058\">\n<li class=\"\" data-start=\"734\" data-end=\"805\">\n<p class=\"\" data-start=\"736\" data-end=\"805\"><strong data-start=\"736\" data-end=\"758\">Datos de contacto:<\/strong> nombre, correo electr\u00f3nico, n\u00famero telef\u00f3nico.<\/p>\n<\/li>\n<li class=\"\" data-start=\"806\" data-end=\"887\">\n<p class=\"\" data-start=\"808\" data-end=\"887\"><strong data-start=\"808\" data-end=\"833\">Datos de interacci\u00f3n:<\/strong> respuestas a encuestas, preferencias de comunicaci\u00f3n.<\/p>\n<\/li>\n<li class=\"\" data-start=\"888\" data-end=\"983\">\n<p class=\"\" data-start=\"890\" data-end=\"983\"><strong data-start=\"890\" data-end=\"909\">Datos t\u00e9cnicos:<\/strong> direcci\u00f3n IP, tipo de navegador, p\u00e1ginas visitadas, tiempo de navegaci\u00f3n.<\/p>\n<\/li>\n<li class=\"\" data-start=\"984\" data-end=\"1058\">\n<p class=\"\" data-start=\"986\" data-end=\"1058\"><strong data-start=\"986\" data-end=\"1009\">Informaci\u00f3n de uso:<\/strong> participaci\u00f3n en campa\u00f1as o llamadas realizadas.<\/p>\n<\/li>\n<\/ul>\t\t\t\t\t\t\t\t<\/div>\n\t\t\t\t<\/div>\n\t\t\t\t<div class=\"elementor-element elementor-element-a18569e elementor-widget-divider--view-line elementor-widget elementor-widget-divider\" data-id=\"a18569e\" data-element_type=\"widget\" data-widget_type=\"divider.default\">\n\t\t\t\t<div class=\"elementor-widget-container\">\n\t\t\t\t\t\t\t<div class=\"elementor-divider\">\n\t\t\t<span class=\"elementor-divider-separator\">\n\t\t\t\t\t\t<\/span>\n\t\t<\/div>\n\t\t\t\t\t\t<\/div>\n\t\t\t\t<\/div>\n\t\t\t\t<div class=\"elementor-element elementor-element-226a43a  ui-split-animate ui-splitby-chars elementor-widget elementor-widget-heading\" data-id=\"226a43a\" data-element_type=\"widget\" data-settings=\"{&quot;ui_animate_split&quot;:&quot;ui-split-animate&quot;,&quot;ui_animate_split_by&quot;:&quot;chars&quot;,&quot;ui_animate_split_style&quot;:&quot;fadeInUp&quot;}\" data-widget_type=\"heading.default\">\n\t\t\t\t<div class=\"elementor-widget-container\">\n\t\t\t\t\t<h2 class=\"elementor-heading-title elementor-size-default\">\u00bfC\u00f3mo utilizamos tus datos?<\/h2>\t\t\t\t<\/div>\n\t\t\t\t<\/div>\n\t\t\t\t<div class=\"elementor-element elementor-element-ae7a9cd elementor-invisible elementor-widget elementor-widget-text-editor\" data-id=\"ae7a9cd\" data-element_type=\"widget\" data-settings=\"{&quot;_animation&quot;:&quot;fadeInDown&quot;}\" data-widget_type=\"text-editor.default\">\n\t\t\t\t<div class=\"elementor-widget-container\">\n\t\t\t\t\t\t\t\t\t<p class=\"\" data-start=\"1100\" data-end=\"1122\"><span style=\"\">Usamos tus datos para:<\/span><\/p>\n<ul data-start=\"1124\" data-end=\"1352\">\n<li class=\"\" data-start=\"1124\" data-end=\"1180\">\n<p class=\"\" data-start=\"1126\" data-end=\"1180\">Enviar informaci\u00f3n relevante sobre nuestros servicios.<\/p>\n<\/li>\n<li class=\"\" data-start=\"1181\" data-end=\"1251\">\n<p class=\"\" data-start=\"1183\" data-end=\"1251\">Realizar encuestas de opini\u00f3n o campa\u00f1as de comunicaci\u00f3n telef\u00f3nica.<\/p>\n<\/li>\n<li class=\"\" data-start=\"1252\" data-end=\"1301\">\n<p class=\"\" data-start=\"1254\" data-end=\"1301\">Mejorar nuestro sitio web y nuestros servicios.<\/p>\n<\/li>\n<li class=\"\" data-start=\"1302\" data-end=\"1352\">\n<p class=\"\" data-start=\"1304\" data-end=\"1352\">Cumplir con obligaciones legales o regulatorias.<\/p>\n<\/li>\n<\/ul>\n<p class=\"\" data-start=\"1354\" data-end=\"1495\"><strong data-start=\"1354\" data-end=\"1431\">No vendemos, rentamos ni compartimos tu informaci\u00f3n personal con terceros<\/strong> sin tu consentimiento expl\u00edcito, salvo por requerimiento legal.<\/p>\t\t\t\t\t\t\t\t<\/div>\n\t\t\t\t<\/div>\n\t\t\t\t<div class=\"elementor-element elementor-element-dfdc75e elementor-widget-divider--view-line elementor-widget elementor-widget-divider\" data-id=\"dfdc75e\" data-element_type=\"widget\" data-widget_type=\"divider.default\">\n\t\t\t\t<div class=\"elementor-widget-container\">\n\t\t\t\t\t\t\t<div class=\"elementor-divider\">\n\t\t\t<span class=\"elementor-divider-separator\">\n\t\t\t\t\t\t<\/span>\n\t\t<\/div>\n\t\t\t\t\t\t<\/div>\n\t\t\t\t<\/div>\n\t\t\t\t<div class=\"elementor-element elementor-element-7e2e79e  ui-split-animate ui-splitby-lines elementor-widget elementor-widget-heading\" data-id=\"7e2e79e\" data-element_type=\"widget\" data-settings=\"{&quot;ui_animate_split&quot;:&quot;ui-split-animate&quot;,&quot;ui_animate_split_by&quot;:&quot;lines&quot;,&quot;ui_animate_split_style&quot;:&quot;fadeInUp&quot;}\" data-widget_type=\"heading.default\">\n\t\t\t\t<div class=\"elementor-widget-container\">\n\t\t\t\t\t<h2 class=\"elementor-heading-title elementor-size-default\">\u00bfC\u00f3mo protegemos tu informaci\u00f3n?<\/h2>\t\t\t\t<\/div>\n\t\t\t\t<\/div>\n\t\t\t\t<div class=\"elementor-element elementor-element-830aa4a elementor-invisible elementor-widget elementor-widget-text-editor\" data-id=\"830aa4a\" data-element_type=\"widget\" data-settings=\"{&quot;_animation&quot;:&quot;fadeInDown&quot;}\" data-widget_type=\"text-editor.default\">\n\t\t\t\t<div class=\"elementor-widget-container\">\n\t\t\t\t\t\t\t\t\t<p class=\"\" data-start=\"1542\" data-end=\"1732\"><span style=\"\">Implementamos medidas de seguridad f\u00edsicas, electr\u00f3nicas y administrativas dise\u00f1adas para proteger tus datos personales contra el acceso no autorizado, alteraci\u00f3n, divulgaci\u00f3n o destrucci\u00f3n.<\/span><\/p>\n<p class=\"\" data-start=\"1734\" data-end=\"1842\">Adem\u00e1s, nuestros sistemas de llamadas y bases de datos operan bajo estrictos protocolos de confidencialidad.<\/p>\t\t\t\t\t\t\t\t<\/div>\n\t\t\t\t<\/div>\n\t\t\t\t<div class=\"elementor-element elementor-element-d8b6588 elementor-widget-divider--view-line elementor-widget elementor-widget-divider\" data-id=\"d8b6588\" data-element_type=\"widget\" data-widget_type=\"divider.default\">\n\t\t\t\t<div class=\"elementor-widget-container\">\n\t\t\t\t\t\t\t<div class=\"elementor-divider\">\n\t\t\t<span class=\"elementor-divider-separator\">\n\t\t\t\t\t\t<\/span>\n\t\t<\/div>\n\t\t\t\t\t\t<\/div>\n\t\t\t\t<\/div>\n\t\t\t\t<div class=\"elementor-element elementor-element-c973026  ui-split-animate ui-splitby-chars elementor-widget elementor-widget-heading\" data-id=\"c973026\" data-element_type=\"widget\" data-settings=\"{&quot;ui_animate_split&quot;:&quot;ui-split-animate&quot;,&quot;ui_animate_split_by&quot;:&quot;chars&quot;,&quot;ui_animate_split_style&quot;:&quot;fadeInUp&quot;}\" data-widget_type=\"heading.default\">\n\t\t\t\t<div class=\"elementor-widget-container\">\n\t\t\t\t\t<h2 class=\"elementor-heading-title elementor-size-default\"> Derechos del usuario<\/h2>\t\t\t\t<\/div>\n\t\t\t\t<\/div>\n\t\t\t\t<div class=\"elementor-element elementor-element-8602db9 elementor-invisible elementor-widget elementor-widget-text-editor\" data-id=\"8602db9\" data-element_type=\"widget\" data-settings=\"{&quot;_animation&quot;:&quot;fadeInDown&quot;}\" data-widget_type=\"text-editor.default\">\n\t\t\t\t<div class=\"elementor-widget-container\">\n\t\t\t\t\t\t\t\t\t<p class=\"\" data-start=\"1877\" data-end=\"1894\">Tienes derecho a:<\/p>\n<ul data-start=\"1896\" data-end=\"2083\">\n<li class=\"\" data-start=\"1896\" data-end=\"1929\">\n<p class=\"\" data-start=\"1898\" data-end=\"1929\">Acceder a tus datos personales.<\/p>\n<\/li>\n<li class=\"\" data-start=\"1930\" data-end=\"1979\">\n<p class=\"\" data-start=\"1932\" data-end=\"1979\">Rectificar informaci\u00f3n incorrecta o incompleta.<\/p>\n<\/li>\n<li class=\"\" data-start=\"1980\" data-end=\"2020\">\n<p class=\"\" data-start=\"1982\" data-end=\"2020\">Solicitar la eliminaci\u00f3n de tus datos.<\/p>\n<\/li>\n<li class=\"\" data-start=\"2021\" data-end=\"2083\">\n<p class=\"\" data-start=\"2023\" data-end=\"2083\">Oponerte al tratamiento de tus datos para fines espec\u00edficos.<\/p><\/li><\/ul>\t\t\t\t\t\t\t\t<\/div>\n\t\t\t\t<\/div>\n\t\t\t\t<div class=\"elementor-element elementor-element-85a91aa elementor-widget-divider--view-line elementor-widget elementor-widget-divider\" data-id=\"85a91aa\" data-element_type=\"widget\" data-widget_type=\"divider.default\">\n\t\t\t\t<div class=\"elementor-widget-container\">\n\t\t\t\t\t\t\t<div class=\"elementor-divider\">\n\t\t\t<span class=\"elementor-divider-separator\">\n\t\t\t\t\t\t<\/span>\n\t\t<\/div>\n\t\t\t\t\t\t<\/div>\n\t\t\t\t<\/div>\n\t\t\t\t<div class=\"elementor-element elementor-element-06e1069  ui-split-animate ui-splitby-chars elementor-widget elementor-widget-heading\" data-id=\"06e1069\" data-element_type=\"widget\" data-settings=\"{&quot;ui_animate_split&quot;:&quot;ui-split-animate&quot;,&quot;ui_animate_split_by&quot;:&quot;chars&quot;,&quot;ui_animate_split_style&quot;:&quot;fadeInUp&quot;}\" data-widget_type=\"heading.default\">\n\t\t\t\t<div class=\"elementor-widget-container\">\n\t\t\t\t\t<h2 class=\"elementor-heading-title elementor-size-default\"> Uso de cookies<\/h2>\t\t\t\t<\/div>\n\t\t\t\t<\/div>\n\t\t\t\t<div class=\"elementor-element elementor-element-710943e  ui-split-animate ui-splitby-lines elementor-widget elementor-widget-text-editor\" data-id=\"710943e\" data-element_type=\"widget\" data-settings=\"{&quot;ui_animate_split&quot;:&quot;ui-split-animate&quot;,&quot;ui_animate_split_by&quot;:&quot;lines&quot;,&quot;ui_animate_split_style&quot;:&quot;fadeInUp&quot;}\" data-widget_type=\"text-editor.default\">\n\t\t\t\t<div class=\"elementor-widget-container\">\n\t\t\t\t\t\t\t\t\t<p class=\"\" data-start=\"2192\" data-end=\"2430\">Nuestro sitio web utiliza cookies para mejorar tu experiencia de navegaci\u00f3n y recopilar informaci\u00f3n sobre c\u00f3mo interact\u00faas con nuestro contenido. Puedes configurar tu navegador para rechazar las cookies o para avisarte cuando se utilicen.<\/p>\n<p class=\"\" data-start=\"2432\" data-end=\"2495\">Para m\u00e1s informaci\u00f3n, consulta nuestra <strong data-start=\"2471\" data-end=\"2494\">Pol\u00edtica de Cookies<\/strong>.<\/p>\t\t\t\t\t\t\t\t<\/div>\n\t\t\t\t<\/div>\n\t\t\t\t<div class=\"elementor-element elementor-element-a0c3f45 elementor-widget-divider--view-line elementor-widget elementor-widget-divider\" data-id=\"a0c3f45\" data-element_type=\"widget\" data-widget_type=\"divider.default\">\n\t\t\t\t<div class=\"elementor-widget-container\">\n\t\t\t\t\t\t\t<div class=\"elementor-divider\">\n\t\t\t<span class=\"elementor-divider-separator\">\n\t\t\t\t\t\t<\/span>\n\t\t<\/div>\n\t\t\t\t\t\t<\/div>\n\t\t\t\t<\/div>\n\t\t\t\t<div class=\"elementor-element elementor-element-258256a  ui-split-animate ui-splitby-chars elementor-widget elementor-widget-heading\" data-id=\"258256a\" data-element_type=\"widget\" data-settings=\"{&quot;ui_animate_split&quot;:&quot;ui-split-animate&quot;,&quot;ui_animate_split_by&quot;:&quot;chars&quot;,&quot;ui_animate_split_style&quot;:&quot;fadeInUp&quot;}\" data-widget_type=\"heading.default\">\n\t\t\t\t<div class=\"elementor-widget-container\">\n\t\t\t\t\t<h2 class=\"elementor-heading-title elementor-size-default\">Cambios a esta pol\u00edtica<\/h2>\t\t\t\t<\/div>\n\t\t\t\t<\/div>\n\t\t\t\t<div class=\"elementor-element elementor-element-c3b6756  ui-split-animate ui-splitby-lines elementor-widget elementor-widget-text-editor\" data-id=\"c3b6756\" data-element_type=\"widget\" data-settings=\"{&quot;ui_animate_split&quot;:&quot;ui-split-animate&quot;,&quot;ui_animate_split_by&quot;:&quot;lines&quot;,&quot;ui_animate_split_style&quot;:&quot;fadeInUp&quot;}\" data-widget_type=\"text-editor.default\">\n\t\t\t\t<div class=\"elementor-widget-container\">\n\t\t\t\t\t\t\t\t\t<p class=\"\" data-start=\"2533\" data-end=\"2715\">Nos reservamos el derecho de modificar esta pol\u00edtica de privacidad en cualquier momento. Cualquier cambio ser\u00e1 publicado en esta p\u00e1gina con la fecha de actualizaci\u00f3n correspondiente.<\/p>\n<p class=\"\" data-start=\"2717\" data-end=\"2755\"><strong data-start=\"2717\" data-end=\"2742\">\u00daltima actualizaci\u00f3n:<\/strong> [Abril 2025]<\/p>\t\t\t\t\t\t\t\t<\/div>\n\t\t\t\t<\/div>\n\t\t\t\t<\/div>\n\t\t<div class=\"elementor-element elementor-element-fabc5b7 e-flex e-con-boxed e-con e-parent\" data-id=\"fabc5b7\" data-element_type=\"container\">\n\t\t\t\t\t<div class=\"e-con-inner\">\n\t\t\t\t\t<\/div>\n\t\t\t\t<\/div>\n\t\t\t\t<\/div>\n\t\t","protected":false},"excerpt":{"rendered":"<p>Pol\u00edtica de Privacidad En BenditaRed nos comprometemos a proteger la privacidad y la seguridad de los datos personales que nos proporcionas. Esta [&hellip;]<\/p>\n","protected":false},"author":1,"featured_media":0,"parent":0,"menu_order":0,"comment_status":"closed","ping_status":"closed","template":"","meta":{"footnotes":""},"class_list":["post-3","page","type-page","status-publish","hentry"],"rttpg_featured_image_url":null,"rttpg_author":{"display_name":"duvo","author_link":"https:\/\/benditared.com\/?author=1"},"rttpg_comment":0,"rttpg_category":null,"rttpg_excerpt":"Pol\u00edtica de Privacidad En BenditaRed nos comprometemos a proteger la privacidad y la seguridad de los datos personales que nos proporcionas. Esta [&hellip;]","_links":{"self":[{"href":"https:\/\/benditared.com\/index.php?rest_route=\/wp\/v2\/pages\/3","targetHints":{"allow":["GET"]}}],"collection":[{"href":"https:\/\/benditared.com\/index.php?rest_route=\/wp\/v2\/pages"}],"about":[{"href":"https:\/\/benditared.com\/index.php?rest_route=\/wp\/v2\/types\/page"}],"author":[{"embeddable":true,"href":"https:\/\/benditared.com\/index.php?rest_route=\/wp\/v2\/users\/1"}],"replies":[{"embeddable":true,"href":"https:\/\/benditared.com\/index.php?rest_route=%2Fwp%2Fv2%2Fcomments&post=3"}],"version-history":[{"count":6,"href":"https:\/\/benditared.com\/index.php?rest_route=\/wp\/v2\/pages\/3\/revisions"}],"predecessor-version":[{"id":1562,"href":"https:\/\/benditared.com\/index.php?rest_route=\/wp\/v2\/pages\/3\/revisions\/1562"}],"wp:attachment":[{"href":"https:\/\/benditared.com\/index.php?rest_route=%2Fwp%2Fv2%2Fmedia&parent=3"}],"curies":[{"name":"wp","href":"https:\/\/api.w.org\/{rel}","templated":true}]}}